{"id":274,"date":"2025-07-02T14:52:47","date_gmt":"2025-07-02T12:52:47","guid":{"rendered":"https:\/\/festivos.cl\/?page_id=274"},"modified":"2025-07-02T14:52:47","modified_gmt":"2025-07-02T12:52:47","slug":"calculadoras-de-fechas","status":"publish","type":"page","link":"https:\/\/festivos.cl\/index.php\/calculadoras-de-fechas\/","title":{"rendered":"Calculadoras"},"content":{"rendered":"\n<div class=\"wp-block-columns alignwide is-layout-flex wp-container-core-columns-is-layout-d2da2050 wp-block-columns-is-layout-flex\" style=\"margin-bottom:0\">\n<div class=\"wp-block-column has-text-color has-background has-link-color wp-elements-34d1cc80684240cef06c2a6974407489 is-layout-flow wp-block-column-is-layout-flow\" style=\"color:#000000;background-color:#ffe97d;padding-top:2em;padding-right:2em;padding-bottom:2em;padding-left:2em\">\n<h2 class=\"wp-block-heading\" id=\"single\" style=\"font-size:40px\"><strong>Calculadora de feriados<\/strong><\/h2>\n\n\n\n<p class=\"has-normal-font-size\" style=\"line-height:1.5\"><strong>Enriquece nuestra creciente comunidad.<\/strong> <\/p>\n\n\n\n<hr class=\"wp-block-separator has-text-color has-css-opacity has-background is-style-wide\" style=\"background-color:#000000;color:#000000\"\/>\n\n\n\n<ul class=\"wp-block-list has-normal-font-size\">\n<li>Entrada general y descuentos de miembro para un adulto<\/li>\n\n\n\n<li>Una entrada gratuita por exposici\u00f3n especial<\/li>\n\n\n\n<li>Dos pases de un solo uso para invitados por a\u00f1o<\/li>\n<\/ul>\n\n\n\n<div class=\"wp-block-buttons alignfull is-horizontal is-content-justification-center is-layout-flex wp-container-core-buttons-is-layout-03627597 wp-block-buttons-is-layout-flex\">\n<div class=\"wp-block-button has-custom-width wp-block-button__width-100\"><a class=\"wp-block-button__link has-white-color has-text-color has-background no-border-radius wp-element-button\" style=\"background-color:#000000\">Revisa<\/a><\/div>\n<\/div>\n<\/div>\n\n\n\n<div class=\"wp-block-column has-text-color has-background has-link-color wp-elements-db9b94142a10bf39eaeee600e9ec25e0 is-layout-flow wp-block-column-is-layout-flow\" style=\"color:#000000;background-color:#d1d1e1;padding-top:2em;padding-right:2em;padding-bottom:2em;padding-left:2em\">\n<h2 class=\"wp-block-heading\" id=\"family\" style=\"font-size:40px\">Calculadora de vacaciones<\/h2>\n\n\n\n<p class=\"has-normal-font-size\" style=\"line-height:1.5\"><strong>Apoya las exposiciones especiales.<\/strong><\/p>\n\n\n\n<hr class=\"wp-block-separator has-css-opacity is-style-wide\"\/>\n\n\n\n<ul class=\"wp-block-list has-normal-font-size\">\n<li>Entrada general y descuentos de miembro para dos adultos<\/li>\n\n\n\n<li>Cuatro entradas gratuitas por exposici\u00f3n especial<\/li>\n\n\n\n<li>Cuatro pases de un solo uso para invitados por a\u00f1o<\/li>\n<\/ul>\n\n\n\n<div class=\"wp-block-buttons alignfull is-horizontal is-content-justification-center is-layout-flex wp-container-core-buttons-is-layout-03627597 wp-block-buttons-is-layout-flex\">\n<div class=\"wp-block-button has-custom-width wp-block-button__width-100 is-style-fill\"><a class=\"wp-block-button__link has-white-color has-text-color has-background no-border-radius wp-element-button\" style=\"background-color:#000000\">Revisa<\/a><\/div>\n<\/div>\n<\/div>\n\n\n\n<div class=\"wp-block-column has-text-color has-background has-link-color wp-elements-926b8a735719fdc47c5c16c9b4fbfcd5 is-layout-flow wp-block-column-is-layout-flow\" style=\"color:#000000;background-color:#c0ebf1;padding-top:2em;padding-right:2em;padding-bottom:2em;padding-left:2em\">\n<h2 class=\"wp-block-heading\" id=\"patron\" style=\"font-size:40px\">Calculadora de licencias m\u00e9dicas<\/h2>\n\n\n\n<p class=\"has-normal-font-size\"><strong>Lleva el apoyo al siguiente nivel.<\/strong><\/p>\n\n\n\n<hr class=\"wp-block-separator has-css-opacity is-style-wide\"\/>\n\n\n\n<ul class=\"wp-block-list has-normal-font-size\">\n<li>Entrada general y descuentos de miembro para dos adultos<\/li>\n\n\n\n<li>Cinco entradas gratuitas por exposici\u00f3n especial<\/li>\n\n\n\n<li>Seis pases de un solo uso para invitados por a\u00f1o<\/li>\n<\/ul>\n\n\n\n<div class=\"wp-block-buttons alignfull is-horizontal is-content-justification-center is-layout-flex wp-container-core-buttons-is-layout-03627597 wp-block-buttons-is-layout-flex\">\n<div class=\"wp-block-button has-custom-width wp-block-button__width-100\"><a class=\"wp-block-button__link has-white-color has-text-color has-background no-border-radius wp-element-button\" style=\"background-color:#000000\">Revisa<\/a><\/div>\n<\/div>\n<\/div>\n<\/div>\n","protected":false},"excerpt":{"rendered":"<p>Calculadora de feriados Enriquece nuestra creciente comunidad. Calculadora de vacaciones Apoya las exposiciones especiales. Calculadora de licencias m\u00e9dicas Lleva el apoyo al siguiente nivel.<\/p>\n","protected":false},"author":1,"featured_media":0,"parent":0,"menu_order":0,"comment_status":"closed","ping_status":"closed","template":"","meta":{"footnotes":""},"class_list":["post-274","page","type-page","status-publish","hentry"],"yoast_head":"<!-- This site is optimized with the Yoast SEO plugin v27.0 - https:\/\/yoast.com\/product\/yoast-seo-wordpress\/ -->\n<title>Calculadoras -<\/title>\n<meta name=\"description\" content=\"Descubre todos los calendarios de d\u00edas festivos en Chile por a\u00f1o, regi\u00f3n y tipo. Accede f\u00e1cilmente a feriados nacionales, religiosos, irrenunciables y m\u00e1s en festivos.cl.\" \/>\n<meta name=\"robots\" content=\"index, follow, max-snippet:-1, max-image-preview:large, max-video-preview:-1\" \/>\n<link rel=\"canonical\" href=\"https:\/\/festivos.cl\/index.php\/calculadoras-de-fechas\/\" \/>\n<meta property=\"og:locale\" content=\"en_US\" \/>\n<meta property=\"og:type\" content=\"article\" \/>\n<meta property=\"og:title\" content=\"Calculadoras -\" \/>\n<meta property=\"og:description\" content=\"Descubre todos los calendarios de d\u00edas festivos en Chile por a\u00f1o, regi\u00f3n y tipo. Accede f\u00e1cilmente a feriados nacionales, religiosos, irrenunciables y m\u00e1s en festivos.cl.\" \/>\n<meta property=\"og:url\" content=\"https:\/\/festivos.cl\/index.php\/calculadoras-de-fechas\/\" \/>\n<meta name=\"twitter:card\" content=\"summary_large_image\" \/>\n<meta name=\"twitter:label1\" content=\"Est. reading time\" \/>\n\t<meta name=\"twitter:data1\" content=\"1 minute\" \/>\n<script type=\"application\/ld+json\" class=\"yoast-schema-graph\">{\"@context\":\"https:\/\/schema.org\",\"@graph\":[{\"@type\":\"WebPage\",\"@id\":\"https:\/\/festivos.cl\/index.php\/calculadoras-de-fechas\/\",\"url\":\"https:\/\/festivos.cl\/index.php\/calculadoras-de-fechas\/\",\"name\":\"Calculadoras -\",\"isPartOf\":{\"@id\":\"https:\/\/festivos.cl\/#website\"},\"datePublished\":\"2025-07-02T12:52:47+00:00\",\"description\":\"Descubre todos los calendarios de d\u00edas festivos en Chile por a\u00f1o, regi\u00f3n y tipo. Accede f\u00e1cilmente a feriados nacionales, religiosos, irrenunciables y m\u00e1s en festivos.cl.\",\"breadcrumb\":{\"@id\":\"https:\/\/festivos.cl\/index.php\/calculadoras-de-fechas\/#breadcrumb\"},\"inLanguage\":\"en-US\",\"potentialAction\":[{\"@type\":\"ReadAction\",\"target\":[\"https:\/\/festivos.cl\/index.php\/calculadoras-de-fechas\/\"]}]},{\"@type\":\"BreadcrumbList\",\"@id\":\"https:\/\/festivos.cl\/index.php\/calculadoras-de-fechas\/#breadcrumb\",\"itemListElement\":[{\"@type\":\"ListItem\",\"position\":1,\"name\":\"Portada\",\"item\":\"https:\/\/festivos.cl\/\"},{\"@type\":\"ListItem\",\"position\":2,\"name\":\"Calculadoras\"}]},{\"@type\":\"WebSite\",\"@id\":\"https:\/\/festivos.cl\/#website\",\"url\":\"https:\/\/festivos.cl\/\",\"name\":\"Feriados y festivos en Chile\",\"description\":\"Todos los feriados de Chile en sitio interactivo\",\"publisher\":{\"@id\":\"https:\/\/festivos.cl\/#organization\"},\"potentialAction\":[{\"@type\":\"SearchAction\",\"target\":{\"@type\":\"EntryPoint\",\"urlTemplate\":\"https:\/\/festivos.cl\/?s={search_term_string}\"},\"query-input\":{\"@type\":\"PropertyValueSpecification\",\"valueRequired\":true,\"valueName\":\"search_term_string\"}}],\"inLanguage\":\"en-US\"},{\"@type\":\"Organization\",\"@id\":\"https:\/\/festivos.cl\/#organization\",\"name\":\"Festivos.cl\",\"url\":\"https:\/\/festivos.cl\/\",\"logo\":{\"@type\":\"ImageObject\",\"inLanguage\":\"en-US\",\"@id\":\"https:\/\/festivos.cl\/#\/schema\/logo\/image\/\",\"url\":\"https:\/\/festivos.cl\/wp-content\/uploads\/2025\/05\/ChatGPT-Image-18-may-2025-09_16_40-p.m.png\",\"contentUrl\":\"https:\/\/festivos.cl\/wp-content\/uploads\/2025\/05\/ChatGPT-Image-18-may-2025-09_16_40-p.m.png\",\"width\":1024,\"height\":1024,\"caption\":\"Festivos.cl\"},\"image\":{\"@id\":\"https:\/\/festivos.cl\/#\/schema\/logo\/image\/\"},\"sameAs\":[\"https:\/\/instagram.com\/festivosdechile\"]}]}<\/script>\n<!-- \/ Yoast SEO plugin. -->","yoast_head_json":{"title":"Calculadoras -","description":"Descubre todos los calendarios de d\u00edas festivos en Chile por a\u00f1o, regi\u00f3n y tipo. Accede f\u00e1cilmente a feriados nacionales, religiosos, irrenunciables y m\u00e1s en festivos.cl.","robots":{"index":"index","follow":"follow","max-snippet":"max-snippet:-1","max-image-preview":"max-image-preview:large","max-video-preview":"max-video-preview:-1"},"canonical":"https:\/\/festivos.cl\/index.php\/calculadoras-de-fechas\/","og_locale":"en_US","og_type":"article","og_title":"Calculadoras -","og_description":"Descubre todos los calendarios de d\u00edas festivos en Chile por a\u00f1o, regi\u00f3n y tipo. Accede f\u00e1cilmente a feriados nacionales, religiosos, irrenunciables y m\u00e1s en festivos.cl.","og_url":"https:\/\/festivos.cl\/index.php\/calculadoras-de-fechas\/","twitter_card":"summary_large_image","twitter_misc":{"Est. reading time":"1 minute"},"schema":{"@context":"https:\/\/schema.org","@graph":[{"@type":"WebPage","@id":"https:\/\/festivos.cl\/index.php\/calculadoras-de-fechas\/","url":"https:\/\/festivos.cl\/index.php\/calculadoras-de-fechas\/","name":"Calculadoras -","isPartOf":{"@id":"https:\/\/festivos.cl\/#website"},"datePublished":"2025-07-02T12:52:47+00:00","description":"Descubre todos los calendarios de d\u00edas festivos en Chile por a\u00f1o, regi\u00f3n y tipo. Accede f\u00e1cilmente a feriados nacionales, religiosos, irrenunciables y m\u00e1s en festivos.cl.","breadcrumb":{"@id":"https:\/\/festivos.cl\/index.php\/calculadoras-de-fechas\/#breadcrumb"},"inLanguage":"en-US","potentialAction":[{"@type":"ReadAction","target":["https:\/\/festivos.cl\/index.php\/calculadoras-de-fechas\/"]}]},{"@type":"BreadcrumbList","@id":"https:\/\/festivos.cl\/index.php\/calculadoras-de-fechas\/#breadcrumb","itemListElement":[{"@type":"ListItem","position":1,"name":"Portada","item":"https:\/\/festivos.cl\/"},{"@type":"ListItem","position":2,"name":"Calculadoras"}]},{"@type":"WebSite","@id":"https:\/\/festivos.cl\/#website","url":"https:\/\/festivos.cl\/","name":"Feriados y festivos en Chile","description":"Todos los feriados de Chile en sitio interactivo","publisher":{"@id":"https:\/\/festivos.cl\/#organization"},"potentialAction":[{"@type":"SearchAction","target":{"@type":"EntryPoint","urlTemplate":"https:\/\/festivos.cl\/?s={search_term_string}"},"query-input":{"@type":"PropertyValueSpecification","valueRequired":true,"valueName":"search_term_string"}}],"inLanguage":"en-US"},{"@type":"Organization","@id":"https:\/\/festivos.cl\/#organization","name":"Festivos.cl","url":"https:\/\/festivos.cl\/","logo":{"@type":"ImageObject","inLanguage":"en-US","@id":"https:\/\/festivos.cl\/#\/schema\/logo\/image\/","url":"https:\/\/festivos.cl\/wp-content\/uploads\/2025\/05\/ChatGPT-Image-18-may-2025-09_16_40-p.m.png","contentUrl":"https:\/\/festivos.cl\/wp-content\/uploads\/2025\/05\/ChatGPT-Image-18-may-2025-09_16_40-p.m.png","width":1024,"height":1024,"caption":"Festivos.cl"},"image":{"@id":"https:\/\/festivos.cl\/#\/schema\/logo\/image\/"},"sameAs":["https:\/\/instagram.com\/festivosdechile"]}]}},"_hostinger_reach_plugin_has_subscription_block":false,"_hostinger_reach_plugin_is_elementor":false,"_links":{"self":[{"href":"https:\/\/festivos.cl\/index.php\/wp-json\/wp\/v2\/pages\/274","targetHints":{"allow":["GET"]}}],"collection":[{"href":"https:\/\/festivos.cl\/index.php\/wp-json\/wp\/v2\/pages"}],"about":[{"href":"https:\/\/festivos.cl\/index.php\/wp-json\/wp\/v2\/types\/page"}],"author":[{"embeddable":true,"href":"https:\/\/festivos.cl\/index.php\/wp-json\/wp\/v2\/users\/1"}],"replies":[{"embeddable":true,"href":"https:\/\/festivos.cl\/index.php\/wp-json\/wp\/v2\/comments?post=274"}],"version-history":[{"count":1,"href":"https:\/\/festivos.cl\/index.php\/wp-json\/wp\/v2\/pages\/274\/revisions"}],"predecessor-version":[{"id":276,"href":"https:\/\/festivos.cl\/index.php\/wp-json\/wp\/v2\/pages\/274\/revisions\/276"}],"wp:attachment":[{"href":"https:\/\/festivos.cl\/index.php\/wp-json\/wp\/v2\/media?parent=274"}],"curies":[{"name":"wp","href":"https:\/\/api.w.org\/{rel}","templated":true}]}}